{"id":2,"date":"2016-05-10T03:48:21","date_gmt":"2016-05-10T03:48:21","guid":{"rendered":"http:\/\/alteregoevent.eu\/?page_id=2"},"modified":"2019-04-01T08:49:14","modified_gmt":"2019-04-01T08:49:14","slug":"home","status":"publish","type":"page","link":"https:\/\/alteregoevent.eu\/","title":{"rendered":"Home"},"content":{"rendered":"<div id=\"dslc-theme-content\"><div id=\"dslc-theme-content-inner\"><div class=\"vce-row-container\"><div class=\"vce-row vce-row--col-gap-30 vce-row-columns--top vce-row-content--top\" id=\"el-fd19d106\" data-vce-do-apply=\"all el-fd19d106\"><div class=\"vce-content-background-container\"><\/div><div class=\"vce-row-content\" data-vce-element-content=\"true\"><div class=\"vce-col vce-col--md-auto vce-col--xs-1 vce-col--xs-last vce-col--xs-first vce-col--sm-last vce-col--sm-first vce-col--md-last vce-col--lg-last vce-col--xl-last vce-col--md-first vce-col--lg-first vce-col--xl-first\" id=\"el-2cd53970\"><div class=\"vce-col-inner\" data-vce-do-apply=\"all el-2cd53970\" data-vce-element-content=\"true\"><div class=\"vce-google-fonts-heading vce-google-fonts-heading--align-center vce-google-fonts-heading--gradient-empty--180--b-198-198-198--b-218-218-218\"><div class=\"vce-google-fonts-heading-wrapper\"><div class=\"vce-google-fonts-heading--background vce\" id=\"el-63abbadb\" data-vce-do-apply=\"border background  padding margin el-63abbadb\"><h1 class=\"vce-google-fonts-heading-inner\" style=\"font-family: Abel; font-weight: 400;\">Home<\/h1><\/div><\/div><\/div><\/div><\/div><\/div><\/div><\/div><div class=\"vce-row-container\"><div class=\"vce-row vce-row--col-gap-30 vce-row-equal-height vce-row-columns--top vce-row-content--top\" id=\"el-0194a5bc\" data-vce-do-apply=\"all el-0194a5bc\"><div class=\"vce-row-content\" data-vce-element-content=\"true\"><div class=\"vce-col vce-col--md-100p vce-col--xs-1 vce-col--xs-last vce-col--xs-first vce-col--sm-last vce-col--sm-first vce-col--md-last vce-col--lg-last vce-col--xl-last vce-col--md-first vce-col--lg-first vce-col--xl-first\" id=\"el-3f3940b5\"><div class=\"vce-col-inner\" data-vce-do-apply=\"all el-3f3940b5\" data-vce-element-content=\"true\"><div class=\"vce-text-block\" style=\"\"><div class=\"vce-text-block-wrapper vce\" id=\"el-a38bf69e\" data-vce-do-apply=\"all el-a38bf69e\" data-vce-animate=\"vce-o-animate--slideInLeft\"><blockquote>\n<h2>Un d\u00e9cor sur mesure, une atmosph\u00e8re \u00e0 votre image, un \u00e9v\u00e9nement ma\u00eetris\u00e9 !<\/h2>\n<\/blockquote><\/div><\/div><\/div><\/div><\/div><\/div><\/div><div class=\"vce-row-container\"><div class=\"vce-row vce-row--col-gap-30 vce-row-equal-height vce-row-columns--top vce-row-content--top\" id=\"el-dca7fb33\" data-vce-do-apply=\"all el-dca7fb33\"><div class=\"vce-row-content\" data-vce-element-content=\"true\"><div class=\"vce-col vce-col--md-100p vce-col--xs-1 vce-col--xs-last vce-col--xs-first vce-col--sm-last vce-col--sm-first vce-col--md-last vce-col--lg-last vce-col--xl-last vce-col--md-first vce-col--lg-first vce-col--xl-first\" id=\"el-d6446340\"><div class=\"vce-col-inner\" data-vce-do-apply=\"all el-d6446340\" data-vce-element-content=\"true\"><div class=\"vce-text-block\" style=\"\"><div class=\"vce-text-block-wrapper vce\" id=\"el-90f97af8\" data-vce-do-apply=\"all el-90f97af8\" data-vce-animate=\"vce-o-animate--slideInRight\"><h4 class=\"shadow\" style=\"text-align: center;\">Nous cr\u00e9ons votre \u00e9v\u00e9nement selon vos envies, avec des valeurs qui nous sont ch\u00e8res\u2026<br><b>La cr\u00e9ativit\u00e9, le go\u00fbt du d\u00e9tail, le professionnalisme.<\/b><\/h4><\/div><\/div><\/div><\/div><\/div><\/div><\/div><div class=\"vce-row-container\"><div class=\"vce-row vce-row--col-gap-30 vce-row-equal-height vce-row-columns--top vce-row-content--top\" id=\"el-d85db4d3\" data-vce-do-apply=\"all el-d85db4d3\"><div class=\"vce-row-content\" data-vce-element-content=\"true\"><div class=\"vce-col vce-col--md-100p vce-col--xs-1 vce-col--xs-last vce-col--xs-first vce-col--sm-last vce-col--sm-first vce-col--md-last vce-col--lg-last vce-col--xl-last vce-col--md-first vce-col--lg-first vce-col--xl-first\" id=\"el-5c6b6b94\"><div class=\"vce-col-inner\" data-vce-do-apply=\"all el-5c6b6b94\" data-vce-element-content=\"true\"><div class=\"vce-text-block\"><div class=\"vce-text-block-wrapper vce\" id=\"el-c7794d23\" data-vce-do-apply=\"all el-c7794d23\"><h5><i class=\"icon1\"><\/i>Cr\u00e9ativit\u00e9<\/h5><p style=\"text-align: center;\"><span style=\"color: #555555;\">Nous sommes passionn\u00e9s de design, \u00e0 la pointe des nouvelles tendances et toujours en recherche d\u2019id\u00e9es cr\u00e9atives, de lieux in\u00e9dits, de nouveaux talents.<\/span><\/p><h5><i class=\"icon2\"><\/i>Go\u00fbt du d\u00e9tail<\/h5><p style=\"text-align: center;\"><span style=\"color: #555555;\">L\u2019harmonie est notre ma\u00eetre mot, harmoniser le mobilier, les couleurs, les mati\u00e8res, le design floral, la mise en lumi\u00e8re pour cr\u00e9er une atmosph\u00e8re \u00e0 votre image.<\/span><\/p><p style=\"text-align: center;\"><span style=\"color: #555555;\">Nous r\u00e9alisons dans les moindres d\u00e9tails les sc\u00e9nographies des plus simples aux plus spectaculaires.<\/span><\/p><p style=\"text-align: center;\"><span style=\"color: #555555;\">Nous proc\u00e9dons \u00e0 une \u00e9tude artistique, exclusive et enti\u00e8rement personnalis\u00e9e de votre \u00e9v\u00e9nement. Sans oublier son caract\u00e8re premier : atteindre vos objectifs strat\u00e9giques.<\/span><\/p><h5><i class=\"icon3\"><\/i>PROFESSIONNALISME<\/h5><p style=\"text-align: center;\"><span style=\"color: #555555;\">Nous orchestrons m\u00e9ticuleusement la cr\u00e9ation, la production, la gestion et la coordination de nos \u00e9quipes pour faire de votre \u00e9v\u00e9nement une r\u00e9ussite!<\/span><\/p><p style=\"text-align: center;\"><span style=\"color: #555555;\">Nous apportons une exp\u00e9rience solide, confirm\u00e9e par une client\u00e8le fid\u00e8le.<br>Notre r\u00e9putation nous permet de travailler avec les meilleurs professionnels dans leur domaine.<br>Nous garantissons le respect et la totale tenue du budget quelque soit la taille de votre \u00e9v\u00e9nement.<br><\/span><\/p><h5>&nbsp;<\/h5><h5 class=\"no-border\"><strong>ALTEREGO<\/strong> est un partenaire de confiance qui veillera \u00e0 respecter vos valeurs, votre image et vos aspirations.<\/h5><\/div><\/div><\/div><\/div><\/div><\/div><\/div><div class=\"vce-row-container\"><div class=\"vce-row vce-row--col-gap-30 vce-row-columns--top vce-row-content--top\" id=\"el-358900df\" data-vce-do-apply=\"all el-358900df\"><div class=\"vce-content-background-container\"><\/div><div class=\"vce-row-content\" data-vce-element-content=\"true\"><div class=\"vce-col vce-col--md-25p vce-col--xs-1 vce-col--xs-last vce-col--xs-first vce-col--sm-last vce-col--sm-first vce-col--md-first vce-col--lg-first vce-col--xl-first\" id=\"el-f514e991\"><div class=\"vce-col-inner\" data-vce-do-apply=\"all el-f514e991\" data-vce-element-content=\"true\"><div class=\"vce-single-image-container vce-single-image--align-center\" style=\"\"><div class=\"vce vce-single-image-wrapper\" id=\"el-b44169c1\" data-vce-do-apply=\"all el-b44169c1\" data-vce-animate=\"vce-o-animate--bounceIn\"><figure><a href=\"https:\/\/alteregoevent.eu\/wp-content\/uploads\/2019\/02\/31-2.jpg\" data-lightbox=\"lightbox-b44169c1\" class=\"vce-single-image-inner vce-single-image--border-round\"><img class=\"vce-single-image\" data-width=\"200\" data-height=\"200\"src=\"https:\/\/alteregoevent.eu\/wp-content\/uploads\/2019\/04\/31-2-200x200.jpg\" data-img-src=\"https:\/\/alteregoevent.eu\/wp-content\/uploads\/2019\/02\/31-2.jpg\" alt=\"\" title=\"Xavier Bettel\"\/><\/a><\/figure><\/div><\/div><\/div><\/div><div class=\"vce-col vce-col--md-25p vce-col--xs-1 vce-col--xs-last vce-col--xs-first vce-col--sm-last vce-col--sm-first\" id=\"el-6986259a\"><div class=\"vce-col-inner\" data-vce-do-apply=\"all el-6986259a\" data-vce-element-content=\"true\"><div class=\"vce-single-image-container vce-single-image--align-center\" style=\"\"><div class=\"vce vce-single-image-wrapper\" id=\"el-77f7a3ee\" data-vce-do-apply=\"all el-77f7a3ee\" data-vce-animate=\"vce-o-animate--bounceIn\"><figure><a href=\"https:\/\/alteregoevent.eu\/wp-content\/uploads\/2019\/02\/30.jpg\" data-lightbox=\"lightbox-77f7a3ee\" class=\"vce-single-image-inner vce-single-image--border-round\"><img class=\"vce-single-image\" data-width=\"200\" data-height=\"200\"src=\"https:\/\/alteregoevent.eu\/wp-content\/uploads\/2019\/04\/30-200x200.jpg\" data-img-src=\"https:\/\/alteregoevent.eu\/wp-content\/uploads\/2019\/02\/30.jpg\" alt=\"\" title=\"Alterego event\"\/><\/a><\/figure><\/div><\/div><\/div><\/div><div class=\"vce-col vce-col--md-25p vce-col--xs-1 vce-col--xs-last vce-col--xs-first vce-col--sm-last vce-col--sm-first\" id=\"el-72ba689d\"><div class=\"vce-col-inner\" data-vce-do-apply=\"all el-72ba689d\" data-vce-element-content=\"true\"><div class=\"vce-single-image-container vce-single-image--align-center\" style=\"\"><div class=\"vce vce-single-image-wrapper\" id=\"el-05c05580\" data-vce-do-apply=\"all el-05c05580\" data-vce-animate=\"vce-o-animate--bounceIn\"><figure><a href=\"https:\/\/alteregoevent.eu\/wp-content\/uploads\/2019\/02\/23A.jpg\" data-lightbox=\"lightbox-05c05580\" class=\"vce-single-image-inner vce-single-image--border-round\"><img class=\"vce-single-image\" data-width=\"200\" data-height=\"200\"src=\"https:\/\/alteregoevent.eu\/wp-content\/uploads\/2019\/04\/23A-200x200.jpg\" data-img-src=\"https:\/\/alteregoevent.eu\/wp-content\/uploads\/2019\/02\/23A.jpg\" alt=\"\" title=\"Alterego event\"\/><\/a><\/figure><\/div><\/div><\/div><\/div><div class=\"vce-col vce-col--md-25p vce-col--xs-1 vce-col--xs-last vce-col--xs-first vce-col--sm-last vce-col--sm-first vce-col--md-last vce-col--lg-last vce-col--xl-last\" id=\"el-37b5757b\"><div class=\"vce-col-inner\" data-vce-do-apply=\"all el-37b5757b\" data-vce-element-content=\"true\"><div class=\"vce-single-image-container vce-single-image--align-center\" style=\"\"><div class=\"vce vce-single-image-wrapper\" id=\"el-81e2807d\" data-vce-do-apply=\"all el-81e2807d\" data-vce-animate=\"vce-o-animate--bounceIn\"><figure><a href=\"https:\/\/alteregoevent.eu\/wp-content\/uploads\/2019\/02\/3-2.jpg\" data-lightbox=\"lightbox-81e2807d\" class=\"vce-single-image-inner vce-single-image--border-round\"><img class=\"vce-single-image\" data-width=\"200\" data-height=\"200\"src=\"https:\/\/alteregoevent.eu\/wp-content\/uploads\/2019\/04\/3-2-200x200.jpg\" data-img-src=\"https:\/\/alteregoevent.eu\/wp-content\/uploads\/2019\/02\/3-2.jpg\" alt=\"\" title=\"Alterego event\"\/><\/a><\/figure><\/div><\/div><\/div><\/div><\/div><\/div><\/div>\n<\/div><\/div>","protected":false},"excerpt":{"rendered":"<p>Home Un d\u00e9cor sur mesure, une atmosph\u00e8re \u00e0 votre image, un \u00e9v\u00e9nement ma\u00eetris\u00e9 ! Nous cr\u00e9ons votre \u00e9v\u00e9nement selon vos envies, avec des valeurs qui nous sont ch\u00e8res\u2026La cr\u00e9ativit\u00e9, le go\u00fbt du d\u00e9tail, le professionnalisme.Cr\u00e9ativit\u00e9Nous sommes passionn\u00e9s de design, \u00e0 la pointe des nouvelles tendances et toujours en recherche d\u2019id\u00e9es cr\u00e9atives, de lieux in\u00e9dits, de&#8230;<\/p>\n","protected":false},"author":1,"featured_media":0,"parent":0,"menu_order":0,"comment_status":"closed","ping_status":"open","template":"","meta":{"footnotes":""},"yoast_head":"<!-- This site is optimized with the Yoast SEO plugin v16.0.2 - https:\/\/yoast.com\/wordpress\/plugins\/seo\/ -->\n<title>Home - ALTEREGO Event Creation<\/title>\n<meta name=\"description\" content=\"Alterego event sp\u00e9cialistes \u00e9v\u00e8nementiel Luxembourg Belgique Les sp\u00e9cialistes de l&#039;\u00e9v\u00e8nementiel au Luxembourg &amp; en Belgique\" \/>\n<link rel=\"canonical\" href=\"https:\/\/alteregoevent.eu\/\" \/>\n<meta property=\"og:locale\" content=\"fr_FR\" \/>\n<meta property=\"og:type\" content=\"article\" \/>\n<meta property=\"og:title\" content=\"Home - ALTEREGO Event Creation\" \/>\n<meta property=\"og:description\" content=\"Alterego event sp\u00e9cialistes \u00e9v\u00e8nementiel Luxembourg Belgique Les sp\u00e9cialistes de l&#039;\u00e9v\u00e8nementiel au Luxembourg &amp; en Belgique\" \/>\n<meta property=\"og:url\" content=\"https:\/\/alteregoevent.eu\/\" \/>\n<meta property=\"og:site_name\" content=\"ALTEREGO Event Creation\" \/>\n<meta property=\"article:modified_time\" content=\"2019-04-01T08:49:14+00:00\" \/>\n<meta property=\"og:image\" content=\"http:\/\/|!|vcvUploadUrl|!|\/2019\/04\/31-2-200x200.jpg\" \/>\n<meta name=\"twitter:card\" content=\"summary_large_image\" \/>\n<meta name=\"twitter:label1\" content=\"Dur\u00e9e de lecture est.\">\n\t<meta name=\"twitter:data1\" content=\"1 minute\">\n<script type=\"application\/ld+json\" class=\"yoast-schema-graph\">{\"@context\":\"https:\/\/schema.org\",\"@graph\":[{\"@type\":\"WebSite\",\"@id\":\"https:\/\/alteregoevent.eu\/#website\",\"url\":\"https:\/\/alteregoevent.eu\/\",\"name\":\"ALTEREGO Event Creation\",\"description\":\"Un \\u00e9v\\u00e8nementiel ma\\u00eetris\\u00e9\",\"potentialAction\":[{\"@type\":\"SearchAction\",\"target\":\"https:\/\/alteregoevent.eu\/?s={search_term_string}\",\"query-input\":\"required name=search_term_string\"}],\"inLanguage\":\"fr-FR\"},{\"@type\":\"ImageObject\",\"@id\":\"https:\/\/alteregoevent.eu\/#primaryimage\",\"inLanguage\":\"fr-FR\",\"url\":\"|!|vcvUploadUrl|!|\/2019\/04\/31-2-200x200.jpg\"},{\"@type\":\"WebPage\",\"@id\":\"https:\/\/alteregoevent.eu\/#webpage\",\"url\":\"https:\/\/alteregoevent.eu\/\",\"name\":\"Home - ALTEREGO Event Creation\",\"isPartOf\":{\"@id\":\"https:\/\/alteregoevent.eu\/#website\"},\"primaryImageOfPage\":{\"@id\":\"https:\/\/alteregoevent.eu\/#primaryimage\"},\"datePublished\":\"2016-05-10T03:48:21+00:00\",\"dateModified\":\"2019-04-01T08:49:14+00:00\",\"description\":\"Alterego event sp\\u00e9cialistes \\u00e9v\\u00e8nementiel Luxembourg Belgique Les sp\\u00e9cialistes de l'\\u00e9v\\u00e8nementiel au Luxembourg & en Belgique\",\"breadcrumb\":{\"@id\":\"https:\/\/alteregoevent.eu\/#breadcrumb\"},\"inLanguage\":\"fr-FR\",\"potentialAction\":[{\"@type\":\"ReadAction\",\"target\":[\"https:\/\/alteregoevent.eu\/\"]}]},{\"@type\":\"BreadcrumbList\",\"@id\":\"https:\/\/alteregoevent.eu\/#breadcrumb\",\"itemListElement\":[{\"@type\":\"ListItem\",\"position\":1,\"item\":{\"@type\":\"WebPage\",\"@id\":\"https:\/\/alteregoevent.eu\/\",\"url\":\"https:\/\/alteregoevent.eu\/\",\"name\":\"Home\"}},{\"@type\":\"ListItem\",\"position\":2,\"item\":{\"@type\":\"WebPage\",\"@id\":\"https:\/\/alteregoevent.eu\/\",\"url\":\"https:\/\/alteregoevent.eu\/\",\"name\":\"Home\"}}]}]}<\/script>\n<!-- \/ Yoast SEO plugin. -->","_links":{"self":[{"href":"https:\/\/alteregoevent.eu\/index.php?rest_route=\/wp\/v2\/pages\/2"}],"collection":[{"href":"https:\/\/alteregoevent.eu\/index.php?rest_route=\/wp\/v2\/pages"}],"about":[{"href":"https:\/\/alteregoevent.eu\/index.php?rest_route=\/wp\/v2\/types\/page"}],"author":[{"embeddable":true,"href":"https:\/\/alteregoevent.eu\/index.php?rest_route=\/wp\/v2\/users\/1"}],"replies":[{"embeddable":true,"href":"https:\/\/alteregoevent.eu\/index.php?rest_route=%2Fwp%2Fv2%2Fcomments&post=2"}],"version-history":[{"count":118,"href":"https:\/\/alteregoevent.eu\/index.php?rest_route=\/wp\/v2\/pages\/2\/revisions"}],"predecessor-version":[{"id":2799,"href":"https:\/\/alteregoevent.eu\/index.php?rest_route=\/wp\/v2\/pages\/2\/revisions\/2799"}],"wp:attachment":[{"href":"https:\/\/alteregoevent.eu\/index.php?rest_route=%2Fwp%2Fv2%2Fmedia&parent=2"}],"curies":[{"name":"wp","href":"https:\/\/api.w.org\/{rel}","templated":true}]}}